{"id":3318,"date":"2023-05-04T11:15:39","date_gmt":"2023-05-04T09:15:39","guid":{"rendered":"https:\/\/jsmeprofinit.eu\/?page_id=3318"},"modified":"2023-06-23T15:55:14","modified_gmt":"2023-06-23T13:55:14","slug":"kontakt","status":"publish","type":"page","link":"https:\/\/jsmeprofinit.eu\/sk\/kontakt\/","title":{"rendered":"Kontakt"},"content":{"rendered":"\n<div class=\"location is-style-lineUnder mt-40 L:mt-90 \" >\n\n\t<div class=\"location_text\">\n\t\t\n\n<h3 class=\"wp-block-heading has-primary-color has-text-color\"><strong>Profinit Slovakia, s.r.o.<\/strong><\/h3>\n\n\n\n<p>Kukuri\u010dn\u00e1 163\/1<br>Bratislava &#8211; mestsk\u00e1 \u010das\u0165 Nov\u00e9 Mesto <br>831 03<br>Slovensko<\/p>\n\n\n\n<p><strong>E:<\/strong> <a href=\"mailto:info@profinit.eu\">info@profinit.eu<\/a><br><strong>T:<\/strong> <a href=\"tel:+421911515391\">+421 911 515 391<\/a><br><strong>Datov\u00e1 schr\u00e1nka:<\/strong> 96n9hkc<\/p>\n\n\n\n<p>Zap\u00edsan\u00fd v obchodnom registri&nbsp;Mestsk\u00e9ho s\u00fadu Bratislava III,&nbsp;oddiel: Sro, vlo\u017eka \u010d.: 1367\/B<br><strong>I\u010cO: <\/strong>36 617 521<br><strong>DI\u010c:<\/strong> 2022214678<br><strong>I\u010c DPH:<\/strong> SK2022214678&nbsp;&nbsp;&nbsp;<\/p>\n\n\n\n<p><strong>Bankov\u00e9 spojenie:<\/strong> \u010cSOB, 25604943\/7500<br><strong>IBAN:<\/strong> SK70 7500 0000 0000 2560 4943<\/p>\n\n\n\t<\/div>\n\t\t\t<a href=\"https:\/\/goo.gl\/maps\/8XJBKfUCr4mfxThf6\" rel=\"noopener noreferrer\" class=\"location_link\" target=\"_blank\">\n\t\t\t\t<figure class=\"location_photo\">\n\t\t\t                \n\t\t\t\t\t\t\t        <img decoding=\"async\" class=\"location_image\" src=\"https:\/\/jsmeprofinit.eu\/wp-content\/uploads\/2023\/04\/profinit-bratislava-780x368.jpg\" srcset=\"https:\/\/jsmeprofinit.eu\/wp-content\/uploads\/2023\/04\/profinit-bratislava.jpg 1364w, https:\/\/jsmeprofinit.eu\/wp-content\/uploads\/2023\/04\/profinit-bratislava-660x312.jpg 660w, https:\/\/jsmeprofinit.eu\/wp-content\/uploads\/2023\/04\/profinit-bratislava-1024x483.jpg 1024w, https:\/\/jsmeprofinit.eu\/wp-content\/uploads\/2023\/04\/profinit-bratislava-330x156.jpg 330w, https:\/\/jsmeprofinit.eu\/wp-content\/uploads\/2023\/04\/profinit-bratislava-768x363.jpg 768w, https:\/\/jsmeprofinit.eu\/wp-content\/uploads\/2023\/04\/profinit-bratislava-210x99.jpg 210w, https:\/\/jsmeprofinit.eu\/wp-content\/uploads\/2023\/04\/profinit-bratislava-347x164.jpg 347w, https:\/\/jsmeprofinit.eu\/wp-content\/uploads\/2023\/04\/profinit-bratislava-390x184.jpg 390w, https:\/\/jsmeprofinit.eu\/wp-content\/uploads\/2023\/04\/profinit-bratislava-540x255.jpg 540w, https:\/\/jsmeprofinit.eu\/wp-content\/uploads\/2023\/04\/profinit-bratislava-780x368.jpg 780w\"  alt=\"Profinit Bratislava mapa\" loading=\"lazy\" width=\"780\" height=\"368\" \/>\n\t\n\t\t\t\t\t<\/figure>\n\t\t\t\t<\/a>\n\t<\/div>\n","protected":false},"excerpt":{"rendered":"","protected":false},"author":4,"featured_media":0,"parent":0,"menu_order":0,"comment_status":"closed","ping_status":"closed","template":"","meta":{"_acf_changed":false,"footnotes":""},"class_list":["post-3318","page","type-page","status-publish","hentry"],"acf":[],"_links":{"self":[{"href":"https:\/\/jsmeprofinit.eu\/sk\/wp-json\/wp\/v2\/pages\/3318","targetHints":{"allow":["GET"]}}],"collection":[{"href":"https:\/\/jsmeprofinit.eu\/sk\/wp-json\/wp\/v2\/pages"}],"about":[{"href":"https:\/\/jsmeprofinit.eu\/sk\/wp-json\/wp\/v2\/types\/page"}],"author":[{"embeddable":true,"href":"https:\/\/jsmeprofinit.eu\/sk\/wp-json\/wp\/v2\/users\/4"}],"replies":[{"embeddable":true,"href":"https:\/\/jsmeprofinit.eu\/sk\/wp-json\/wp\/v2\/comments?post=3318"}],"version-history":[{"count":0,"href":"https:\/\/jsmeprofinit.eu\/sk\/wp-json\/wp\/v2\/pages\/3318\/revisions"}],"wp:attachment":[{"href":"https:\/\/jsmeprofinit.eu\/sk\/wp-json\/wp\/v2\/media?parent=3318"}],"curies":[{"name":"wp","href":"https:\/\/api.w.org\/{rel}","templated":true}]}}