{"id":3257,"date":"2023-04-28T11:48:46","date_gmt":"2023-04-28T09:48:46","guid":{"rendered":"https:\/\/jsmeprofinit.eu\/?page_id=3257"},"modified":"2023-06-23T13:10:03","modified_gmt":"2023-06-23T11:10:03","slug":"oznamenie-o-spracuvani-osobnych-udajov-vyberovy-proces","status":"publish","type":"page","link":"https:\/\/jsmeprofinit.eu\/sk\/oznamenie-o-spracuvani-osobnych-udajov-vyberovy-proces\/","title":{"rendered":"Ozn\u00e1menie o sprac\u00favan\u00ed osobn\u00fdch \u00fadajov \u2013 v\u00fdberov\u00fd proces"},"content":{"rendered":"\n<p>Obchodn\u00e9 spolo\u010dnosti <strong>Profinit EU, s.r.o.<\/strong>, I\u010c: 044 34 081, so s\u00eddlom Tychonova 270\/2, Hrad\u010dany, 160 00 Praha 6, zap\u00edsan\u00e1 v obchodnom registri Mestsk\u00e9ho s\u00fadu v&nbsp;Prahe pod sp. zn. C 247646,<strong> Profinit Slovakia, s. r. o.<\/strong>, I\u010cO: 36&nbsp;617&nbsp;521, so s\u00eddlom Kukuri\u010dn\u00e1 163\/1, 831 03 Bratislava &#8211; mestsk\u00e1 \u010das\u0165 Nov\u00e9 mesto, zap\u00edsan\u00e1 v obchodnom registri Mestsk\u00e9ho s\u00fadu Bratislava III, oddiel: Sro, vlo\u017eka \u010d\u00edslo: 41367\/Ba<strong>&nbsp;Techlake, s.r.o.<\/strong>, I\u010c: 096 58 645, so s\u00eddlom Tychonova 270\/2, Hrad\u010dany, 160 00 Praha 6, zap\u00edsan\u00e1 v obchodnom registri Mestsk\u00e9ho s\u00fadu v&nbsp;Prahe pod sp. zn. C 339883 (\u010falej spolu aj \u201e<strong>Spolo\u010dnosti<\/strong>\u201c a&nbsp;ktor\u00e1ko\u013evek z&nbsp;nich jednotlivo aj \u201e<strong>Spolo\u010dnos\u0165<\/strong>\u201c) t\u00fdmto v&nbsp;s\u00falade s&nbsp;\u010dl. 13 Nariadenia Eur\u00f3pskeho parlamentu a Rady (E\u00da) 2016\/679 z 27. apr\u00edla 2016 o&nbsp;ochrane fyzick\u00fdch os\u00f4b pri sprac\u00favan\u00ed osobn\u00fdch \u00fadajov a&nbsp;o&nbsp;vo\u013enom pohybe tak\u00fdchto \u00fadajov, ktor\u00fdm sa zru\u0161uje smernica 95\/46\/ES (v\u0161eobecn\u00e9 nariadenie o ochrane \u00fadajov) (\u010falej aj \u201e<strong>GDPR<\/strong>\u201c), informuj\u00fa uch\u00e1dza\u010dov o&nbsp;zamestnanie o&nbsp;sprac\u00favan\u00ed ich osobn\u00fdch \u00fadajov v&nbsp;s\u00favislosti s&nbsp;v\u00fdberov\u00fdm procesom.<\/p>\n\n\n\n<p>Uch\u00e1dza\u010dom o&nbsp;zamestnanie sa pre \u00fa\u010dely tohto ozn\u00e1menia rozumie ak\u00e1ko\u013evek fyzick\u00e1 osoba, ktor\u00e1 prejavila z\u00e1ujem alebo sa uch\u00e1dza o&nbsp;zamestnanie v Spolo\u010dnosti, a&nbsp;to prostredn\u00edctvom pracovn\u00e9ho port\u00e1lu ako je napr. PROFESIA.SK, webstr\u00e1nky Spolo\u010dnosti, doru\u010den\u00edm listinnej \u017eiadosti na adresu Spolo\u010dnosti alebo akouko\u013evek inou formou (\u010falej aj \u201e<strong>Uch\u00e1dza\u010d<\/strong>\u201c).<\/p>\n\n\n\n<p>Osobn\u00e9 \u00fadaje Uch\u00e1dza\u010da sprac\u00fava ako <strong>prev\u00e1dzkovate\u013e<\/strong> v&nbsp;zmysle GDPR t\u00e1 zo Spolo\u010dnost\u00ed, ktor\u00e1 zverejnila pr\u00edslu\u0161n\u00fa ponuku zamestnania, resp. ktor\u00e1 je v&nbsp;pr\u00edslu\u0161nej ponuke zamestnania ozna\u010den\u00e1 ako zamestn\u00e1vate\u013e (\u010falej aj \u201e<strong>Zamestn\u00e1vate\u013e<\/strong>\u201c).<\/p>\n\n\n\n<p>Uch\u00e1dza\u010d je povinn\u00fd poskytn\u00fa\u0165 Zamestn\u00e1vate\u013eovi iba spr\u00e1vne a aktu\u00e1lne osobn\u00e9 \u00fadaje.<\/p>\n\n\n\n<p>Zamestn\u00e1vate\u013e sprac\u00fava osobn\u00e9 \u00fadaje Uch\u00e1dza\u010da <strong>v&nbsp;rozsahu<\/strong> meno, priezvisko, d\u00e1tum narodenia, kontaktn\u00e9 \u00fadaje, \u00fadaje o dosiahnutom vzdelan\u00ed a predch\u00e1dzaj\u00facich pracovn\u00fdch sk\u00fasenostiach a \u010fal\u0161ie \u00fadaje uveden\u00e9 v \u017eivotopise Uch\u00e1dza\u010da alebo v akomko\u013evek inom dokumente, ktor\u00fd Uch\u00e1dza\u010d Zamestn\u00e1vate\u013eovi predlo\u017eil pri prejaven\u00ed z\u00e1ujmu o&nbsp;pr\u00e1cu, resp. pri uch\u00e1dzan\u00ed sa o&nbsp;zamestnanie.<\/p>\n\n\n\n<p>Osobn\u00e9 \u00fadaje Uch\u00e1dza\u010da pod\u013ea predch\u00e1dzaj\u00faceho odseku Zamestn\u00e1vate\u013e sprac\u00fava <strong>na \u00fa\u010dely<\/strong> v\u00fdberu vhodn\u00e9ho uch\u00e1dza\u010da na obsadzovan\u00fa pracovn\u00fa poz\u00edciu a \u00fa\u010dasti v&nbsp;pr\u00edslu\u0161nom v\u00fdberovom procese a&nbsp;v&nbsp;r\u00e1mci toho predov\u0161etk\u00fdm na \u00fa\u010dely spracovania \u017eiadosti Uch\u00e1dza\u010da o&nbsp;zamestnanie, na pos\u00fadenie predmetnej \u017eiadosti v r\u00e1mci v\u00fdberov\u00e9ho procesu a na \u00fa\u010dely pos\u00fadenia vhodnosti Uch\u00e1dza\u010da, ako kandid\u00e1ta na pracovn\u00fa poz\u00edciu, o ktor\u00fa sa uch\u00e1dza.<\/p>\n\n\n\n<p><strong>Pr\u00e1vnym z\u00e1kladom<\/strong> sprac\u00favania osobn\u00fdch \u00fadajov na \u00fa\u010dely uveden\u00e9 v&nbsp;predch\u00e1dzaj\u00facom odseku je \u010dl\u00e1nok 6 ods. 1. p\u00edsm. b) GDPR \u2013 sprac\u00favanie v&nbsp;r\u00e1mci predzmluvn\u00fdch vz\u0165ahov.<\/p>\n\n\n\n<p>Osobn\u00e9 \u00fadaje Uch\u00e1dza\u010da m\u00f4\u017eu by\u0165 poskytnut\u00e9 <strong>pr\u00edjemcom<\/strong>. Kateg\u00f3riami pr\u00edjemcov s\u00fa najm\u00e4 sprostredkovatelia Zamestn\u00e1vate\u013ea v zmysle GDPR, a to napr. spolo\u010dnosti zabezpe\u010duj\u00face IT podporu alebo in\u00fa podporu v&nbsp;r\u00e1mci v\u00fdberov\u00fdch procesov, spolo\u010dnosti zabezpe\u010duj\u00face poskytnutie IT rie\u0161enia a platformy a\/alebo pr\u00edslu\u0161n\u00e9 licencie (vr\u00e1tane spolo\u010dnost\u00ed zabezpe\u010duj\u00facich poskytnutie cloudov\u00fdch slu\u017eieb).<\/p>\n\n\n\n<p>Sprac\u00favanie osobn\u00fdch \u00fadajov Uch\u00e1dza\u010da pod\u013ea tohto ozn\u00e1menia m\u00f4\u017ee zah\u0155\u0148a\u0165 r\u00f4zne spracovate\u013esk\u00e9 oper\u00e1cie s osobn\u00fdmi \u00fadajmi, a to najm\u00e4 z\u00edskavanie, zaznamen\u00e1vanie, usporad\u00favanie, uchov\u00e1vanie, vyh\u013ead\u00e1vanie, prehliadanie a vyu\u017e\u00edvanie osobn\u00fdch \u00fadajov, a to automatizovan\u00fdmi, ako aj neautomatizovan\u00fdmi prostriedkami.<\/p>\n\n\n\n<p>V r\u00e1mci sprac\u00favania osobn\u00fdch \u00fadajov pod\u013ea tohto ozn\u00e1menia m\u00f4\u017eu by\u0165 osobn\u00e9 \u00fadaje pou\u017eit\u00e9 na profilovanie alebo na automatizovan\u00e9 rozhodovanie. V pr\u00edpade tak\u00e9ho sprac\u00favania osobn\u00fdch \u00fadajov Zamestn\u00e1vate\u013e spln\u00ed pr\u00edpadn\u00e9 \u010fal\u0161ie aplikovate\u013en\u00e9 povinnosti vo\u010di Uch\u00e1dza\u010dovi pod\u013ea GDPR<\/p>\n\n\n\n<p>Osobn\u00e9 \u00fadaje nebud\u00fa pren\u00e1\u0161an\u00e9 do tret\u00edch kraj\u00edn (teda kraj\u00edn mimo Eur\u00f3pskej \u00fanie a&nbsp;Eur\u00f3pskeho hospod\u00e1rskeho priestoru) a ani do medzin\u00e1rodn\u00fdch organiz\u00e1ci\u00ed v&nbsp;zmysle GDPR.<\/p>\n\n\n\n<p>Poskytnutie osobn\u00fdch \u00fadajov zo strany Uch\u00e1dza\u010da je dobrovo\u013en\u00e9. V pr\u00edpade, ak sa Uch\u00e1dza\u010d rozhodne Zamestn\u00e1vate\u013eovi osobn\u00e9 \u00fadaje neposkytn\u00fa\u0165, nebude mo\u017en\u00e1 \u00fa\u010das\u0165 Uch\u00e1dza\u010da v&nbsp;pr\u00edslu\u0161nom v\u00fdberovom procese.<\/p>\n\n\n\n<p>Osobn\u00e9 \u00fadaje Uch\u00e1dza\u010da bude Zamestn\u00e1vate\u013e pod\u013ea tohto ozn\u00e1menia sprac\u00fava\u0165 a uchov\u00e1va\u0165 po\u010das doby trvania pr\u00edslu\u0161n\u00e9ho v\u00fdberov\u00e9ho procesu. Po skon\u010den\u00ed v\u00fdberov\u00e9ho procesu m\u00f4\u017eu by\u0165 osobn\u00e9 \u00fadaje Uch\u00e1dza\u010da sprac\u00favan\u00e9 na z\u00e1klade in\u00e9ho pr\u00e1vneho z\u00e1kladu pod\u013ea GDPR, a&nbsp;to napr. ak uch\u00e1dza\u010d udelil Zamestn\u00e1vate\u013eovi s\u00fahlas so sprac\u00favan\u00edm osobn\u00fdch \u00fadajov alebo ak do\u0161lo k&nbsp;uzatvoreniu pracovnej zmluvy alebo in\u00e9ho pr\u00e1vneho vz\u0165ahu medzi Uch\u00e1dza\u010dom a&nbsp;Zamestn\u00e1vate\u013eom.<\/p>\n\n\n\n<p>V&nbsp;rozsahu a&nbsp;za podmienok ur\u010den\u00fdch GDPR m\u00e1 Uch\u00e1dza\u010d pr\u00e1vo po\u017eadova\u0165 od Zamestn\u00e1vate\u013ea pr\u00edstup k&nbsp;osobn\u00fdm \u00fadajom (vi\u010f \u010dl\u00e1nok 15 GDPR), ich opravu alebo v\u00fdmaz (vi\u010f \u010dl\u00e1nky 16 a 17 GDPR), pr\u00edpadne obmedzenie ich sprac\u00favania (vi\u010f \u010dl\u00e1nok 18 GDPR). V&nbsp;rozsahu a&nbsp;za podmienok ur\u010den\u00fdch GDPR m\u00e1 Uch\u00e1dza\u010d tie\u017e pr\u00e1vo na prenosite\u013enos\u0165 osobn\u00fdch \u00fadajov (vi\u010f \u010dl\u00e1nok 20 GDPR) a&nbsp;je opr\u00e1vnen\u00fd vznies\u0165 vo\u010di Zamestn\u00e1vate\u013eovi n\u00e1mietku proti sprac\u00favaniu osobn\u00fdch \u00fadajov (vi\u010f \u010dl\u00e1nok 21 GDPR). \u010ealej je Uch\u00e1dza\u010d opr\u00e1vnen\u00fd poda\u0165 s\u0165a\u017enos\u0165, resp. n\u00e1vrh na za\u010datie konania na dozornom org\u00e1ne, ktor\u00fdm je \u2013 ak ide o&nbsp;vy\u0161\u0161ie identifikovan\u00e9ho prev\u00e1dzkovate\u013ea Profinit EU, s.r.o. alebo Techlake, s.r.o. \u2013\u00darad pre ochranu osobn\u00fdch \u00fadajov \u010ceskej republiky a \u2013 ak ide o&nbsp;vy\u0161\u0161ie identifikovan\u00e9ho prev\u00e1dzkovate\u013ea Profinit Slovakia, s. r. o. \u2013 \u00darad na ochranu osobn\u00fdch \u00fadajov Slovenskej republiky.<\/p>\n\n\n\n<p>Ak\u00e9ko\u013evek dotazy k sprac\u00favaniu osobn\u00fdch \u00fadajov, \u017eiadosti \u010di n\u00e1mietky oh\u013eadom spracovania osobn\u00fdch \u00fadajov, ako aj vy\u0161\u0161ie uveden\u00e9 pr\u00e1va m\u00f4\u017ee Uch\u00e1dza\u010d uplatni\u0165 p\u00edsomne na adrese <strong>s\u00eddla Zamestn\u00e1vate\u013ea, ktor\u00e9 je uveden\u00e9 vy\u0161\u0161ie v&nbsp;tomto ozn\u00e1men\u00ed<\/strong>.<\/p>\n\n\n\n<p>Pri sprac\u00favan\u00ed osobn\u00fdch \u00fadajov pod\u013ea tohto ozn\u00e1menia Spolo\u010dnosti nie s\u00fa spolo\u010dn\u00fdmi prev\u00e1dzkovate\u013emi pod\u013ea \u010dl\u00e1nku 26 GDPR. Obsah tohto ozn\u00e1menia je Zamestn\u00e1vate\u013e opr\u00e1vnen\u00fd kedyko\u013evek s\u00e1m aktualizova\u0165.<\/p>\n","protected":false},"excerpt":{"rendered":"<p>\n Obchodn\u00e9 spolo\u010dnosti Profinit EU, s.r.o., I\u010c: 044 34 081, so s\u00eddlom Tychonova 270\/2, Hrad\u010dany, 160 00 Praha 6, zap\u00edsan\u00e1 v obchodnom registri Mestsk\u00e9ho s\u00fadu v&nbsp;Prahe pod sp. zn. C 247646, Profinit Slovakia, s. r. o., I\u010cO: 36&nbsp;617&nbsp;521, so s\u00eddlom Kukuri\u010dn\u00e1 163\/1, 831 03 Bratislava &#8211; mestsk\u00e1 \u010das\u0165 Nov\u00e9 mesto, zap\u00edsan\u00e1 v obchodnom registri Mestsk\u00e9ho [&hellip;]<\/p>\n","protected":false},"author":4,"featured_media":0,"parent":0,"menu_order":0,"comment_status":"closed","ping_status":"closed","template":"template-sidebar-terms.php","meta":{"_acf_changed":false,"footnotes":""},"class_list":["post-3257","page","type-page","status-publish","hentry"],"acf":[],"_links":{"self":[{"href":"https:\/\/jsmeprofinit.eu\/sk\/wp-json\/wp\/v2\/pages\/3257","targetHints":{"allow":["GET"]}}],"collection":[{"href":"https:\/\/jsmeprofinit.eu\/sk\/wp-json\/wp\/v2\/pages"}],"about":[{"href":"https:\/\/jsmeprofinit.eu\/sk\/wp-json\/wp\/v2\/types\/page"}],"author":[{"embeddable":true,"href":"https:\/\/jsmeprofinit.eu\/sk\/wp-json\/wp\/v2\/users\/4"}],"replies":[{"embeddable":true,"href":"https:\/\/jsmeprofinit.eu\/sk\/wp-json\/wp\/v2\/comments?post=3257"}],"version-history":[{"count":0,"href":"https:\/\/jsmeprofinit.eu\/sk\/wp-json\/wp\/v2\/pages\/3257\/revisions"}],"wp:attachment":[{"href":"https:\/\/jsmeprofinit.eu\/sk\/wp-json\/wp\/v2\/media?parent=3257"}],"curies":[{"name":"wp","href":"https:\/\/api.w.org\/{rel}","templated":true}]}}