{"id":2687,"date":"2021-12-20T20:47:41","date_gmt":"2021-12-20T19:47:41","guid":{"rendered":"https:\/\/jsmeprofinit.eu\/odpoved-na-pozici\/"},"modified":"2024-04-15T14:20:17","modified_gmt":"2024-04-15T12:20:17","slug":"odpoved-na-poziciu","status":"publish","type":"page","link":"https:\/\/jsmeprofinit.eu\/sk\/odpoved-na-poziciu\/","title":{"rendered":"Odpove\u010f na poz\u00edciu"},"content":{"rendered":"<div class='fluentform ff-default fluentform_wrapper_17 ffs_default_wrap'><link rel=\"stylesheet\" href=\"https:\/\/jsmeprofinit.eu\/wp-content\/themes\/profinit\/assets\/css\/fluentform-007be11b14.css\"\/><script> <\/script>\n<form data-form_id=\"17\" id=\"fluentform_17\" class=\"frm-fluent-form fluent_form_17 ff-el-form-top ff_form_instance_17_1 ff-form-loading jobResponse ffs_default\" data-form_instance=\"ff_form_instance_17_1\" method=\"POST\" ><fieldset  style=\"border: none!important;margin: 0!important;padding: 0!important;background-color: transparent!important;box-shadow: none!important;outline: none!important; min-inline-size: 100%;\">\n                    <legend class=\"ff_screen_reader_title\" style=\"display: block; margin: 0!important;padding: 0!important;height: 0!important;text-indent: -999999px;width: 0!important;overflow:hidden;\">Odpove\u010f na poz\u00edciu<\/legend>        <div\n                style=\"display: none!important; position: absolute!important; transform: translateX(1000%)!important;\"\n                class=\"ff-el-group ff-hpsf-container\"\n        >\n            <div class=\"ff-el-input--label asterisk-right\">\n                <label for=\"ff_17_item_sf\" aria-label=\"Notify\">\n                    Notify                <\/label>\n            <\/div>\n            <div class=\"ff-el-input--content\">\n                <input type=\"text\"\n                       name=\"item_17__fluent_sf\"\n                       class=\"ff-el-form-control\"\n                       id=\"ff_17_item_sf\"\n                \/>\n            <\/div>\n        <\/div>\n        <input type='hidden' name='__fluent_form_embded_post_id' value='2687' \/><input type=\"hidden\" id=\"_fluentform_17_fluentformnonce\" name=\"_fluentform_17_fluentformnonce\" value=\"d53403add9\" \/><input type=\"hidden\" name=\"_wp_http_referer\" value=\"\/sk\/wp-json\/wp\/v2\/pages\/2687\" \/><div data-name=\"ff_cn_id_1\"  class='ff-t-container ff-column-container ff_columns_total_2 rowNameMailPhone'><div class='ff-t-cell ff-t-column-1' style='flex-basis: 50%;'><div data-type=\"name-element\" data-name=\"names\" class=\" ff-field_container ff-name-field-wrapper\" ><div class='ff-t-container'><div class='ff-t-cell '><div class='ff-el-group  ff-el-form-top'><div class=\"ff-el-input--label ff-el-is-required asterisk-right\"><label for='ff_17_names_first_name_' id='label_ff_17_names_first_name_' >Meno<\/label><\/div><div class='ff-el-input--content'><input type=\"text\" name=\"names[first_name]\" id=\"ff_17_names_first_name_\" class=\"ff-el-form-control\" placeholder=\"Peter\" aria-invalid=\"false\" aria-required=true><\/div><\/div><\/div><div class='ff-t-cell '><div class='ff-el-group  ff-el-form-top'><div class=\"ff-el-input--label ff-el-is-required asterisk-right\"><label for='ff_17_names_last_name_' id='label_ff_17_names_last_name_' >Priezvisko<\/label><\/div><div class='ff-el-input--content'><input type=\"text\" name=\"names[last_name]\" id=\"ff_17_names_last_name_\" class=\"ff-el-form-control\" placeholder=\"Nov\u00e1k\" aria-invalid=\"false\" aria-required=true><\/div><\/div><\/div><\/div><\/div><\/div><div class='ff-t-cell ff-t-column-2' style='flex-basis: 50%;'><div class='ff-el-group'><div class=\"ff-el-input--label ff-el-is-required asterisk-right\"><label for='ff_17_email' id='label_ff_17_email' aria-label=\"E-mail\">E-mail<\/label><\/div><div class='ff-el-input--content'><input type=\"email\" name=\"email\" id=\"ff_17_email\" class=\"ff-el-form-control\" placeholder=\"peter.novak@email.cz\" data-name=\"email\"  aria-invalid=\"false\" aria-required=true><\/div><\/div><div class='ff-el-group'><div class=\"ff-el-input--label ff-el-is-required asterisk-right\"><label for='ff_17_phone' id='label_ff_17_phone' aria-label=\"Telef\u00f3n\">Telef\u00f3n<\/label><\/div><div class='ff-el-input--content'><input name=\"phone\" class=\"ff-el-form-control ff-el-phone ff_el_with_extended_validation\" type=\"tel\" placeholder=\"123 456 789\" data-name=\"phone\" id=\"ff_17_phone\" inputmode=\"tel\"  aria-invalid='false' aria-required=true><\/div><\/div><\/div><\/div><input type=\"hidden\" name=\"position\" value=\"\" data-name=\"position\" ><div class='ff-el-group'><div class=\"ff-el-input--label asterisk-right\"><label for='ff_17_description' id='label_ff_17_description' aria-label=\"\u010co \u0165a priviedlo k tejto poz\u00edcii v Profinite?\">\u010co \u0165a priviedlo k tejto poz\u00edcii v Profinite?<\/label><\/div><div class='ff-el-input--content'><textarea aria-required=\"false\" aria-labelledby=\"label_ff_17_description\" name=\"description\" id=\"ff_17_description\" class=\"ff-el-form-control\" rows=\"3\" cols=\"2\" data-name=\"description\" ><\/textarea><\/div><\/div><div data-name=\"ff_cn_id_2\"  class='ff-t-container ff-column-container ff_columns_total_2 '><div class='ff-t-cell ff-t-column-1' style='flex-basis: 50%;'><div class='ff-el-group'><div class=\"ff-el-input--label ff-el-is-required asterisk-right\"><label for='ff_17_file-upload_1' id='label_ff_17_file-upload_1' aria-label=\"Pr\u00edlohy (CV, motiva\u010dn\u00fd list)\">Pr\u00edlohy (CV, motiva\u010dn\u00fd list)<\/label><\/div><div class='ff-el-input--content'><label for='ff_17_file-upload_1' class='ff_file_upload_holder'><span class='ff_upload_btn ff-btn' tabindex='0'>Pripoji\u0165 s\u00fabor<\/span> <input type=\"file\" name=\"file-upload\" id=\"ff_17_file-upload_1\" class=\"ff-el-form-control  ff-screen-reader-element\" data-name=\"file-upload\" multiple=\"1\"  aria-invalid='false' aria-required=true><\/label><\/div><\/div><\/div><div class='ff-t-cell ff-t-column-2' style='flex-basis: 50%;'><div class='ff-el-group'><div class=\"ff-el-input--label asterisk-right\"><label for='ff_17_url' id='label_ff_17_url' aria-label=\"Odkaz na LinkedIn\">Odkaz na LinkedIn<\/label><\/div><div class='ff-el-input--content'><input type=\"url\" name=\"url\" class=\"ff-el-form-control\" placeholder=\"URL profilu na LinkedIn\" data-name=\"url\" id=\"ff_17_url\"  aria-invalid=\"false\" aria-required=false><\/div><\/div><\/div><\/div><div data-name=\"ff_cn_id_3\"  class='ff-t-container ff-column-container ff_columns_total_1 checkboxes'><div class='ff-t-cell ff-t-column-1' style='flex-basis: 100%;'><div class='ff-el-group    ff-el-input--content'><div class='ff-el-form-check ff-el-tc'><label aria-label='Terms and Conditions: S\u00fahlas so spracovan\u00edm osobn\u00fdch \u00fadajov \n\t\n\t\t\n    \n\n\t\n    \n        \n            \n                \nV pr\u00edpade odmietnutia s\u00fahlasu so spracovan\u00edm osobn\u00fdch \u00fadajov budeme tvoje inform\u00e1cie pou\u017e\u00edva\u0165 iba v r\u00e1mci v\u00fdberov\u00e9ho konania.\nAko s nimi budeme naklada\u0165, si m\u00f4\u017ee\u0161 pre\u010d\u00edta\u0165 tu.\n            \n        \n    \n Contains 3 links. Use tab navigation to review.' class='ff-el-form-check-label ff_tc_label' for=osobni_udaje_a3d276ae8a4ce8d880add37b96d661e5><span class='ff_tc_checkbox'><input type=\"checkbox\" name=\"osobni_udaje\" class=\"ff-el-form-check-input\" data-name=\"osobni_udaje\" id=\"osobni_udaje_a3d276ae8a4ce8d880add37b96d661e5\"  value='on' aria-invalid='false' aria-required=false><\/span> <div class='ff_t_c'><p><a href=\"https:\/\/jsmeprofinit.eu\/sk\/suhlas-so-spracuvanim-osobnych-udajov\/\">S\u00fahlas so spracovan\u00edm osobn\u00fdch \u00fadajov<\/a> <link rel=\"stylesheet\" href=\"https:\/\/jsmeprofinit.eu\/wp-content\/themes\/profinit\/assets\/css\/hintPopup-bb40b614f2.css\" \/> \n\t<a href=\"#text-popupu-info\" class=\"hint js-hint\">\n\t\t<svg class=\"ico ico__info-circle hint_ico\">\n    <use xlink:href=\"https:\/\/jsmeprofinit.eu\/wp-content\/themes\/profinit\/assets\/img\/sprite.svg?ver=1768926339#info-circle\"><\/use>\n<\/svg>\n\t<\/a>\n    <div class=\"hintPopup\" id=\"text-popupu-info\">\n        <div class=\"hintPopup_inner\">\n            <div class=\"hintPopup_content js-hint_content\">\n                <\/p>\n<p>V pr\u00edpade odmietnutia s\u00fahlasu so spracovan\u00edm osobn\u00fdch \u00fadajov budeme tvoje inform\u00e1cie pou\u017e\u00edva\u0165 iba v r\u00e1mci v\u00fdberov\u00e9ho konania.<\/p>\n<p><span class=\"HwtZe\" lang=\"sk\"><span class=\"jCAhz ChMk0b\"><span class=\"ryNqvb\">Ako s nimi budeme naklada\u0165, si m\u00f4\u017ee\u0161 pre\u010d\u00edta\u0165<\/span><\/span><\/span> <a href=\"https:\/\/jsmeprofinit.eu\/sk\/oznamenie-o-spracuvani-osobnych-udajov-vyberovy-proces\/\">tu<\/a>.\n            <\/div>\n        <\/div>\n    <\/div>\n<\/p><\/div><\/label><\/div><\/div><\/div><\/div><div class='ff-el-group ' ><div class='ff-el-input--content'><div data-fluent_id='17' name='g-recaptcha-response'><div\n\t\tdata-sitekey='6LfO8zwrAAAAAJcQA7zu36PlQQRd570rvnW6cCT1'\n\t\tid='fluentform-recaptcha-17-1'\n\t\tclass='ff-el-recaptcha g-recaptcha'\n\t\tdata-callback='fluentFormrecaptchaSuccessCallback'><\/div><\/div><\/div><\/div><div class='ff-el-group ff-text-left ff_submit_btn_wrapper'><button type=\"submit\" class=\"ff-btn ff-btn-submit ff-btn-md ff_btn_style\"  aria-label=\"Odosla\u0165 odpove\u010f\">Odosla\u0165 odpove\u010f<\/button><\/div><\/fieldset><\/form><div id='fluentform_17_errors' class='ff-errors-in-stack ff_form_instance_17_1 ff-form-loading_errors ff_form_instance_17_1_errors'><\/div><\/div>            <script type=\"text\/javascript\">\n                window.fluent_form_ff_form_instance_17_1 = {\"id\":\"17\",\"settings\":{\"layout\":{\"labelPlacement\":\"top\",\"helpMessagePlacement\":\"with_label\",\"errorMessagePlacement\":\"inline\",\"asteriskPlacement\":\"asterisk-right\"},\"restrictions\":{\"denyEmptySubmission\":{\"enabled\":false}}},\"form_instance\":\"ff_form_instance_17_1\",\"form_id_selector\":\"fluentform_17\",\"rules\":{\"names[first_name]\":{\"required\":{\"value\":true,\"message\":\"Toto pole je povinn\\u00e9.\"}},\"names[middle_name]\":{\"required\":{\"value\":false,\"message\":\"This field is required\"}},\"names[last_name]\":{\"required\":{\"value\":true,\"message\":\"Toto pole je povinn\\u00e9.\"}},\"email\":{\"required\":{\"value\":true,\"message\":\"Toto pole je povinn\\u00e9.\"},\"email\":{\"value\":true,\"message\":\"Zadaj platn\\u00fa e-mailov\\u00fa adresu.\"}},\"phone\":{\"required\":{\"value\":true,\"message\":\"Toto pole je povinn\\u00e9\"},\"valid_phone_number\":{\"value\":true,\"message\":\"Zadaj platn\\u00e9 telef\\u00f3nne \\u010d\\u00edslo.\"}},\"description\":{\"required\":{\"value\":false,\"message\":\"This field is required\"}},\"file-upload\":{\"required\":{\"value\":true,\"message\":\"Toto pole je povinn\\u00e9\"},\"max_file_size\":{\"value\":10485760,\"_valueFrom\":\"MB\",\"message\":\"Maxim\\u00e1lna ve\\u013ekos\\u0165 s\\u00faboru je 10 MB.\"},\"max_file_count\":{\"value\":\"3\",\"message\":\"M\\u00f4\\u017ee\\u0161 nahra\\u0165 maxim\\u00e1lne 3 s\\u00fabory.\"},\"allowed_file_types\":{\"value\":[\"mp3|wav|ogg|oga|wma|mka|m4a|ra|mid|midi|mpga\",\"avi|divx|flv|mov|ogv|mkv|mp4|m4v|divx|mpg|mpeg|mpe|video\\\/quicktime|qt\",\"pdf\",\"doc|ppt|pps|xls|mdb|docx|xlsx|pptx|odt|odp|ods|odg|odc|odb|odf|rtf|txt\"],\"message\":\"Nepovolen\\u00fd typ s\\u00faboru\"}},\"url\":{\"required\":{\"value\":false,\"message\":\"This field is required\"},\"url\":{\"value\":true,\"message\":\"Zadaj platn\\u00fa adresu URL.\"}},\"osobni_udaje\":{\"required\":{\"value\":false,\"message\":\"Bez souhlasu se zpracov\\u00e1n\\u00edm osobn\\u00edch \\u00fadaj\\u016f nen\\u00ed mo\\u017en\\u00e9 formul\\u00e1\\u0159 odeslat.\"}}},\"debounce_time\":300};\n                            <\/script>\n            \n\n\n\n<div class=\"wp-block-group mt-112 L:mt-150 alignfull mt-112 L:mt-150 js-showOnFormSubmission has-lightgray-background-color has-background\"><div class=\"wp-block-group__inner-container\">\n<h2 class=\"has-primary-color has-text-color wp-block-heading\">Mo\u017en\u00e1 t\u011b bude zaj\u00edmat<\/h2>\n\n\n<link rel=\"stylesheet\" href=\"https:\/\/jsmeprofinit.eu\/wp-content\/themes\/profinit\/assets\/css\/boxlinks-25d6e839a0.css\"\/><script> <\/script>\n<div class=\"boxlinks mt-45 L:mt-70 \" >\n    \n\n<a href=\"\/pozice\/\"  class=\"boxlinks_item\">\n\n\t<div class=\"boxlinks_text\">\n\t\t<h3 class=\"boxlinks_heading\">Nab\u00eddka v\u0161ech pozic<\/h3>\n\t\t<p>Mo\u017en\u00e1 hled\u00e1me pr\u00e1v\u011b tebe. Vyber si jednu z otev\u0159en\u00fdch pozic.<\/p>\n\t<\/div>\n    <svg class=\"ico ico__arrow-right boxlinks_arrow\">\n    <use xlink:href=\"https:\/\/jsmeprofinit.eu\/wp-content\/themes\/profinit\/assets\/img\/sprite.svg?ver=1768926339#arrow-right\"><\/use>\n<\/svg>\n\n\t<\/a>\n\n\n\n\n\n<a href=\"https:\/\/jsmeprofinit.eu\/zanech-nam-kontakt\/\"  class=\"boxlinks_item\">\n\n\t<div class=\"boxlinks_text\">\n\t\t<h3 class=\"boxlinks_heading\">Nech si otev\u0159en\u00e1 vr\u00e1tka<\/h3>\n\t\t<p>Zanech na sebe kontakt a my se p\u0159i vhodn\u00e9 p\u0159\u00edle\u017eitosti sami ozveme.<\/p>\n\t<\/div>\n    <svg class=\"ico ico__arrow-right boxlinks_arrow\">\n    <use xlink:href=\"https:\/\/jsmeprofinit.eu\/wp-content\/themes\/profinit\/assets\/img\/sprite.svg?ver=1768926339#arrow-right\"><\/use>\n<\/svg>\n\n\t<\/a>\n\n\n\n\n\n<a href=\"https:\/\/jsmeprofinit.eu\/doporuc-kandidata-a-ziskej-odmenu-50000-kc\/\"  class=\"boxlinks_item\">\n\n\t<div class=\"boxlinks_text\">\n\t\t<h3 class=\"boxlinks_heading\">Chce\u0161 finan\u010dn\u00ed odm\u011bnu<\/h3>\n\t\t<p>V r\u00e1mci na\u0161eho Referral programu m\u016f\u017ee\u0161 doporu\u010dit sv\u00e9ho zn\u00e1m\u00e9ho.<\/p>\n\t<\/div>\n    <svg class=\"ico ico__arrow-right boxlinks_arrow\">\n    <use xlink:href=\"https:\/\/jsmeprofinit.eu\/wp-content\/themes\/profinit\/assets\/img\/sprite.svg?ver=1768926339#arrow-right\"><\/use>\n<\/svg>\n\n\t<\/a>\n\n\n\n\n<\/div>\n<\/div>\n<\/div>","protected":false},"excerpt":{"rendered":"<p>\n Mo\u017en\u00e1 t\u011b bude zaj\u00edmat <\/p>\n","protected":false},"author":1,"featured_media":2587,"parent":0,"menu_order":0,"comment_status":"closed","ping_status":"closed","template":"template-largerfont.php","meta":{"_acf_changed":false,"footnotes":""},"class_list":["post-2687","page","type-page","status-publish","has-post-thumbnail","hentry"],"acf":[],"_links":{"self":[{"href":"https:\/\/jsmeprofinit.eu\/sk\/wp-json\/wp\/v2\/pages\/2687","targetHints":{"allow":["GET"]}}],"collection":[{"href":"https:\/\/jsmeprofinit.eu\/sk\/wp-json\/wp\/v2\/pages"}],"about":[{"href":"https:\/\/jsmeprofinit.eu\/sk\/wp-json\/wp\/v2\/types\/page"}],"author":[{"embeddable":true,"href":"https:\/\/jsmeprofinit.eu\/sk\/wp-json\/wp\/v2\/users\/1"}],"replies":[{"embeddable":true,"href":"https:\/\/jsmeprofinit.eu\/sk\/wp-json\/wp\/v2\/comments?post=2687"}],"version-history":[{"count":0,"href":"https:\/\/jsmeprofinit.eu\/sk\/wp-json\/wp\/v2\/pages\/2687\/revisions"}],"wp:featuredmedia":[{"embeddable":true,"href":"https:\/\/jsmeprofinit.eu\/sk\/wp-json\/wp\/v2\/media\/2587"}],"wp:attachment":[{"href":"https:\/\/jsmeprofinit.eu\/sk\/wp-json\/wp\/v2\/media?parent=2687"}],"curies":[{"name":"wp","href":"https:\/\/api.w.org\/{rel}","templated":true}]}}