{"id":2671,"date":"2021-12-20T21:37:26","date_gmt":"2021-12-20T20:37:26","guid":{"rendered":"https:\/\/jsmeprofinit.eu\/doporuc-kandidata\/"},"modified":"2023-08-17T09:47:08","modified_gmt":"2023-08-17T07:47:08","slug":"odporuc-kandidata","status":"publish","type":"page","link":"https:\/\/jsmeprofinit.eu\/sk\/odporuc-kandidata\/","title":{"rendered":"Odporu\u010d kandid\u00e1ta a z\u00edskaj odmenu"},"content":{"rendered":"\n<p>M\u00e1\u0161 vo svojom okol\u00ed zn\u00e1meho, kolegu, kamar\u00e1ta alebo pr\u00edbuzn\u00e9ho, ktor\u00fd h\u013ead\u00e1 nov\u00e9 pracovn\u00e9 uplatnenie? Zodpoved\u00e1 jeho profil po\u017eiadavk\u00e1m na niektor\u00fa z na\u0161ich <a href=\"https:\/\/jsmeprofinit.eu\/sk\/pozicie\/\" target=\"_blank\" rel=\"noreferrer noopener\">technick\u00fdch poz\u00edci\u00ed<\/a>? Ak \u00c1NO, odporu\u010d n\u00e1m ho a&nbsp;z\u00edskaj odmenu a\u017e 2 000 EUR!<\/p>\n\n\n\n<hr class=\"wp-block-separator has-css-opacity is-style-default\"\/>\n\n\n\n<h2 class=\"wp-block-heading\">Podmienky z\u00edskania odmeny<\/h2>\n\n\n\n<ol class=\"wp-block-list\">\n<li>Kandid\u00e1t vie o&nbsp;tom, \u017ee ho odpor\u00fa\u010da\u0161, a&nbsp;m\u00e1 z\u00e1ujem z\u00fa\u010dastni\u0165 sa na v\u00fdberovom konan\u00ed.<\/li>\n\n\n\n<li>Kandid\u00e1ta odporu\u010d\u00ed\u0161 tak, \u017ee za\u0161le\u0161 CV spolu s&nbsp;kontaktn\u00fdmi \u00fadajmi a&nbsp;sprievodn\u00fdm listom na <a href=\"mailto:kariera@profinit.eu\">kariera@profinit.eu<\/a>, alebo vypln\u00ed\u0161 a&nbsp;odo\u0161le\u0161 formul\u00e1r.<\/li>\n\n\n\n<li>S&nbsp;odpor\u00fa\u010dan\u00fdm kandid\u00e1tom sme neboli posledn\u00fd rok v&nbsp;kontakte a&nbsp;ani n\u00e1m ho za posledn\u00fd rok neodporu\u010dila \u017eiadna person\u00e1lna agent\u00fara.<\/li>\n\n\n\n<li>Odpor\u00fa\u010dan\u00fd kandid\u00e1t prejde v\u00fdberov\u00fdm procesom, nast\u00fapi a&nbsp;odpracuje minim\u00e1lne 3 mesiace (pr\u00edpadne 63 MDs).<\/li>\n<\/ol>\n\n\n\n<h2 class=\"wp-block-heading\">\u010co bude nasledova\u0165<\/h2>\n\n\n\n<p>Hne\u010f ako od teba obdr\u017e\u00edme pr\u00edslu\u0161n\u00e9 dokumenty, po\u0161leme ti na e-mail potvrdenie. Budeme \u0165a informova\u0165 aj o&nbsp;priebehu a&nbsp;v\u00fdsledku v\u00fdberov\u00e9ho konania. Ak kandid\u00e1t nebude pozvan\u00fd na pohovor, dostane\u0161 od na\u0161ich kolegov z&nbsp;HR sp\u00e4tn\u00fa v\u00e4zbu. <\/p>\n\n\n\n<p>M\u00e1\u0161 ot\u00e1zky? Radi ti na ne odpovieme na <a href=\"mailto:kariera@profinit.eu\">kariera@profinit.eu<\/a>.<\/p>\n","protected":false},"excerpt":{"rendered":"<p>\n M\u00e1\u0161 vo svojom okol\u00ed zn\u00e1meho, kolegu, kamar\u00e1ta alebo pr\u00edbuzn\u00e9ho, ktor\u00fd h\u013ead\u00e1 nov\u00e9 pracovn\u00e9 uplatnenie? Zodpoved\u00e1 jeho profil po\u017eiadavk\u00e1m na niektor\u00fa z na\u0161ich technick\u00fdch poz\u00edci\u00ed? Ak \u00c1NO, odporu\u010d n\u00e1m ho a&nbsp;z\u00edskaj odmenu a\u017e 2 000 EUR! <\/p>\n<p> Podmienky z\u00edskania odmeny <\/p>\n<p> \u010co bude nasledova\u0165 <\/p>\n<p> Hne\u010f ako od teba obdr\u017e\u00edme pr\u00edslu\u0161n\u00e9 dokumenty, po\u0161leme ti na [&hellip;]<\/p>\n","protected":false},"author":1,"featured_media":3897,"parent":0,"menu_order":0,"comment_status":"closed","ping_status":"closed","template":"template-sidebar-shortcode.php","meta":{"_acf_changed":false,"footnotes":""},"class_list":["post-2671","page","type-page","status-publish","has-post-thumbnail","hentry"],"acf":[],"_links":{"self":[{"href":"https:\/\/jsmeprofinit.eu\/sk\/wp-json\/wp\/v2\/pages\/2671","targetHints":{"allow":["GET"]}}],"collection":[{"href":"https:\/\/jsmeprofinit.eu\/sk\/wp-json\/wp\/v2\/pages"}],"about":[{"href":"https:\/\/jsmeprofinit.eu\/sk\/wp-json\/wp\/v2\/types\/page"}],"author":[{"embeddable":true,"href":"https:\/\/jsmeprofinit.eu\/sk\/wp-json\/wp\/v2\/users\/1"}],"replies":[{"embeddable":true,"href":"https:\/\/jsmeprofinit.eu\/sk\/wp-json\/wp\/v2\/comments?post=2671"}],"version-history":[{"count":0,"href":"https:\/\/jsmeprofinit.eu\/sk\/wp-json\/wp\/v2\/pages\/2671\/revisions"}],"wp:featuredmedia":[{"embeddable":true,"href":"https:\/\/jsmeprofinit.eu\/sk\/wp-json\/wp\/v2\/media\/3897"}],"wp:attachment":[{"href":"https:\/\/jsmeprofinit.eu\/sk\/wp-json\/wp\/v2\/media?parent=2671"}],"curies":[{"name":"wp","href":"https:\/\/api.w.org\/{rel}","templated":true}]}}